{"id":4632,"date":"2021-01-14T09:16:18","date_gmt":"2021-01-14T08:16:18","guid":{"rendered":"http:\/\/www.beltrami-felice.it\/?page_id=4632"},"modified":"2021-01-14T09:20:40","modified_gmt":"2021-01-14T08:20:40","slug":"politica-dei-cookies-beltrami-felice","status":"publish","type":"page","link":"https:\/\/www.beltrami-felice.it\/index.php\/politica-dei-cookies-beltrami-felice\/","title":{"rendered":"Politica dei Cookie &#8211; Beltrami Felice"},"content":{"rendered":"\n<p><strong>Informativa ai sensi dell<\/strong><strong>\u2019<\/strong><strong>articolo 13 del Regolamento (UE) 2016\/679.<\/strong><\/p>\n\n\n\n<p>Beltrami Felice S.r.l., con sede legale in Italia a Piedimulera (VB), Loc. Cartiera \u2013 28885 (qui di seguito definita anche come&nbsp;\u201cBeltrami\u201d), \u00e8 proprietaria del sito web&nbsp;<a href=\"http:\/\/www.beltrami-felice.it\/\">www.beltrami-felice.it<\/a>. Gi\u00e0 prima di qualsiasi registrazione sul sito web&nbsp;<a href=\"http:\/\/www.beltrami-felice.it\/\">www.beltrami-felice.it<\/a>, accedendo e navigando sul sito web&nbsp;<a href=\"http:\/\/www.beltrami-felice.it\/\">www.beltrami-felice.it<\/a>, Lei accetta le disposizioni della presente Privacy Policy di Beltrami. Beltrami utilizza Cookies e traccia gli indirizzi IP, al fine di migliorare la Sua navigazione sul sito web&nbsp;<a href=\"http:\/\/www.beltrami-felice.it\/\">www.beltrami-felice.it<\/a>&nbsp;e di migliorare la qualit\u00e0 dei propri servizi.<\/p>\n\n\n\n<p>I Cookies sono informazioni che un sito web pu\u00f2 inviare al browser del Suo computer per memorizzarle ed utilizzarle in caso di successiva navigazione. Beltrami usa i Cookies per sapere quali sono, e con quanta frequenza, le pagine del sito pi\u00f9 visitate, al fine di rendere la navigazione del sito web&nbsp;<a href=\"http:\/\/www.beltrami-felice.it\/\">www.beltrami-felice.it<\/a>pi\u00f9 semplice ed agevole alle successive navigazioni. Per esempio, i Cookies consentono a Beltrami di salvare la Sua password in modo che Lei non la debba reinserire ogni volta che visiti il sito web&nbsp;<a href=\"http:\/\/www.beltrami-felice.it\/\">www.beltrami-felice.it<\/a>.<\/p>\n\n\n\n<p>I Cookies possono essere disattivati dal Suo browser, se Lei lo desidera, ma in questo caso Beltrami non garantisce il corretto funzionamento del sito&nbsp;<a href=\"http:\/\/www.beltrami-felice.it\/\">www.beltrami-felice.it<\/a>. Se Lei non disattiva Suoi Cookies, Lei acconsente che Beltrami li utilizzi.<\/p>\n\n\n\n<p>Inoltre, ai sensi e per gli effetti dell\u2019articolo 13 del Regolamento (UE) 2016\/679 (Regolamento Generale sulla Protezione dei Dati), in relazione alla protezione dei dati personali, la societ\u00e0 Beltrami, in qualit\u00e0 di titolare del trattamento dei dati personali (di seguito&nbsp;\u201cTitolare\u201d), \u00e8 tenuta a fornire alcune informazioni riguardanti l\u2019utilizzo dei Suoi Dati Personali, in quanto interessato dal trattamento (\u201cl\u2019Interessato\u201d).<\/p>\n\n\n\n<p><strong>Titolare del trattamento<\/strong><\/p>\n\n\n\n<p>Beltrami Felice S.r.l., con sede in Piedimulera (VB), Loc. Cartiera \u2013 28885.<\/p>\n\n\n\n<p><strong>Base giuridica del trattamento dei Dati Personali<\/strong><\/p>\n\n\n\n<ul><li>Consenso (facoltativo e revocabile in ogni momento) al trattamento dei Suoi Dati attualmente in possesso di Beltrami e direttamente acquisiti da Lei per le sopra descritte e specifiche finalit\u00e0;<\/li><li>Adempimento di obblighi previsti da leggi;<\/li><li>Adempimento di obblighi contrattuali.<\/li><\/ul>\n\n\n\n<p><strong>Finalit<\/strong><strong>\u00e0 del trattamento dei Dati Personali<\/strong><\/p>\n\n\n\n<p>a) finalit\u00e0 connesse e strumentali alla gestione del rapporto contrattuale (stipulato o in via di definizione) e l\u2019adempimento delle relative obbligazioni;<\/p>\n\n\n\n<p>b) finalit\u00e0 connesse e strumentali all\u2019adempimento di obblighi previsti da leggi;<\/p>\n\n\n\n<p>c) finalit\u00e0 connesse e strumentali a consentire il rilascio di informazioni, comunicazioni e promozioni delle attivit\u00e0 di Beltrami con l\u2019invio di newsletter, e-mail, posta ordinaria o altro mezzo (a titolo esemplificativo, ma non esaustivo il rilascio di informazioni sui beni e servizi anche tramite l\u2019utilizzo di Cookies per finalit\u00e0 tecniche, di marketing e statistiche).<\/p>\n\n\n\n<p><strong>Conferimento dei Dati Personali<\/strong><\/p>\n\n\n\n<p>Ai sensi dell\u2019articolo 13, paragrafo 2, lettera e) del GDPR, gentilmente tenga presente che:<\/p>\n\n\n\n<ul><li>il conferimento e il trattamento dei Dati Personali per le finalit\u00e0 a), b) \u00e8 obbligatorio per la corretta instaurazione e per l\u2019adempimento degli obblighi contrattuali ed, in generale, per l\u2019adempimento degli obblighi di legge; pertanto, un eventuale rifiuto in merito renderebbe impossibile l\u2019instaurazione e\/o lo svolgimento del regolare rapporto contrattuale e\/o lo svolgimento delle attivit\u00e0 sopra menzionate;<\/li><li>il conferimento e il trattamento dei Dati Personali per le finalit\u00e0 di cui alla lettera c) \u00e8 facoltativo; pertanto, un eventuale rifiuto renderebbe impossibile il rilascio di informazioni, comunicazioni e promozioni delle attivit\u00e0 di Beltrami con l\u2019invio di newsletter, e-mail, posta ordinaria o altro mezzo (a titolo esemplificativo, ma non esaustivo il rilascio di informazioni sui beni e servizi anche tramite l\u2019utilizzo di Cookies per finalit\u00e0 tecniche, di marketing e statistiche).<\/li><\/ul>\n\n\n\n<p><strong>Periodo di conservazione dei Dati Personali<\/strong><\/p>\n\n\n\n<ul><li>I Suoi Dati Personali utilizzati per le finalit\u00e0 indicate alle lettere a) e b) saranno processati e conservati per il tempo necessario a garantire l\u2019adempimento di obblighi contrattuali e l\u2019adempimento degli obblighi di legge.<\/li><li>I Suoi Dati Personali utilizzati per le finalit\u00e0 indicate alla lettera c) saranno processati e conservati finch\u00e9&nbsp;il Suo consenso non venga revocato.<\/li><\/ul>\n\n\n\n<p><strong>Categorie dei Dati Personali<\/strong><\/p>\n\n\n\n<p>I Suoi Dati Personali potranno essere nome, cognome, indirizzo, indirizzo email, altre informazioni di contatto, la posizione lavorativa, la societ\u00e0, i dettagli di registrazione, informazioni sui prodotti e sui servizi, i dati di navigazione (come passwords, indirizzo IP e impostazioni di navigazione).<\/p>\n\n\n\n<p><strong>Destinatari dei Dati Personali<\/strong><\/p>\n\n\n\n<p>I Suoi Dati Personali, per le stesse finalit\u00e0 sopra menzionate, potrebbero anche essere comunicati a terze parti che agiscono in qualit\u00e0 di Titolare del trattamento dei dati (a titolo esemplificativo, ogni autorit\u00e0 di vigilanza e controllo giuridicamente autorizzata a richiedere detti dati) o in qualit\u00e0 di Responsabile del trattamento dei dati (a titolo esemplificativo, societ\u00e0 controllate, societ\u00e0 che forniscono servizi di marketing, ricerca mercato, servizi di manutenzione del sito internet e dei sistemi informativi, di elaborazione dati o societ\u00e0 che svolgono altri servizi per la societ\u00e0).<\/p>\n\n\n\n<p><strong>Trasferimenti dei Dati Personali al di fuori dell<\/strong><strong>\u2019<\/strong><strong>Unione Europea<\/strong><\/p>\n\n\n\n<p>I Suoi Dati Personali saranno trattati dal Titolare all\u2019interno del territorio dell\u2019Unione Europea. Qualora per questioni di natura tecnica e\/o operativa si renda necessario avvalersi di soggetti ubicati al di fuori dell\u2019Unione Europea, ti informiamo sin d\u2019ora che tali soggetti saranno nominati Responsabili del Trattamento ai sensi e per gli effetti di cui all\u2019articolo 28 del GDPR ed il trasferimento dei Suoi Dati Personali a tali soggetti, limitatamente allo svolgimento di specifiche attivit\u00e0 di Trattamento, sar\u00e0 regolato da un apposito contratto di nomina in conformit\u00e0 alle garanzie e tutele previste dal GDPR.<\/p>\n\n\n\n<p><strong>Trattamento dei Dati Personali<\/strong><\/p>\n\n\n\n<p>Il trattamento dei Suoi Dati Personali, attualmente in possesso di Beltrami e direttamente acquisiti da Lei a seguito della registrazione e\/o navigazione sul sito web&nbsp;<a href=\"http:\/\/www.beltrami-felice.it\/\">www.beltrami-felice.it<\/a>, avviene mediante strumenti manuali, informatici e telematici, con logiche strettamente correlate alle finalit\u00e0 sopra descritte.<\/p>\n\n\n\n<p><strong>Soggetti autorizzati al Trattamento dei Dati<\/strong><\/p>\n\n\n\n<p>I Suoi Dati Personali potranno essere processati da personale interno o esterno espressamente autorizzato dal Titolare per le sopra menzionate finalit\u00e0, in qualit\u00e0 di Responsabile del trattamento, che, comunque, avr\u00e0 ricevuto adeguata formazione.<\/p>\n\n\n\n<p><strong>I diritti dell<\/strong><strong>\u2019<\/strong><strong>Interessato ai sensi degli articoli 15 &#8211; 22 del GDPR<\/strong><\/p>\n\n\n\n<p>\u2022 Diritto di accesso dell\u2019Interessato: ai sensi dell\u2019articolo 15 del GDPR il diritto di ottenere dal Titolare del trattamento la conferma che sia o meno in corso un trattamento dei Suoi Dati Personali, e in tal caso, di ottenere l&#8217;accesso ai Dati Personali e alle seguenti informazioni (le finalit\u00e0 del trattamento, le categorie di Dati Personali, i destinatari o le categorie di destinatari a cui i Dati Personali sono comunicati, il periodo di conservazione dei Dati Personali previsto o i criteri utilizzati per determinare tale periodo);<\/p>\n\n\n\n<p>\u2022 Diritto di rettifica: ai sensi dell\u2019articolo 16 del GDPR, il diritto di ottenere dal Titolare del trattamento, senza ingiustificato ritardo, la rettifica dei Dati Personali inesatti che lo riguardano e\/o l&#8217;integrazione dei Dati Personali incompleti, anche fornendo una dichiarazione integrativa.<\/p>\n\n\n\n<p>\u2022 Diritto alla cancellazione (\u00abDiritto all&#8217;oblio\u00bb): il diritto di ottenere dal Titolare del trattamento, senza ingiustificato ritardo, la cancellazione dei Dati Personali nei casi previsti dall\u2019articolo 17 del GDPR;<\/p>\n\n\n\n<p>\u2022 Diritto di limitazione del trattamento: il diritto di ottenere dal Titolare del trattamento la limitazione del trattamento, nei casi previsti dall\u2019articolo 18 del GDPR;<\/p>\n\n\n\n<p>\u2022 Diritto alla portabilit\u00e0 dei dati: ai sensi dell\u2019articolo 20 del GDPR il diritto ottenere la portabilit\u00e0 (diritto di ricevere i Suoi Dati Personali, che sono stati forniti al Titolare del trattamento, in un formato strutturato, di uso comune e leggibile da dispositivo automatico e il diritto di trasmettere tali Dati Personali a un altro titolare del trattamento).<\/p>\n\n\n\n<p>\u2022 Diritto di opposizione: ai sensi dell\u2019articolo 21 del GDPR il diritto di opporsi, in qualsiasi momento, al trattamento dei Suoi Dati Personali.<\/p>\n\n\n\n<p>Lei potr\u00e0 esercitare i sopra menzionati diritti, come fare qualsiasi domanda in relazione alla Privacy Policy di Beltrami, contattando il Dipartimento Legale o a mezzo posta elettronica (info@beltrami-felice.it) o per posta (Beltrami Felice S.r.l., Loc. Cartiera \u2013 28885, Piedimulera); restando ben inteso che in ogni caso, Lei potr\u00e0 sempre esercitare il diritto di proporre reclamo all\u2019autorit\u00e0 di controllo competente all\u2019interno dell\u2019Unione Europea, ai sensi dell\u2019articolo 77 del GDPR, qualora dovesse ritenere che il trattamento dei Suoi Dati Personale sia contrario al GDPR.La presente Privacy Policy verr\u00e0&nbsp;essere periodicamente rivista, ragione per cui La invitiamo a rivisitare in futuro questa pagina per rimanere sempre aggiornato su ogni modifica.<\/p>\n","protected":false},"excerpt":{"rendered":"<p>Informativa ai sensi dell\u2019articolo 13 del Regolamento (UE) 2016\/679. Beltrami Felice S.r.l., con sede legale in Italia a Piedimulera (VB), Loc. Cartiera \u2013 28885 (qui di seguito definita anche come&nbsp;\u201cBeltrami\u201d), \u00e8 proprietaria del sito web&nbsp;www.beltrami-felice.it. Gi\u00e0 prima di qualsiasi registrazione sul sito web&nbsp;www.beltrami-felice.it, accedendo e navigando sul sito web&nbsp;www.beltrami-felice.it, Lei accetta le disposizioni della presente [&hellip;]<\/p>\n","protected":false},"author":1,"featured_media":0,"parent":0,"menu_order":0,"comment_status":"closed","ping_status":"closed","template":"","meta":[],"_links":{"self":[{"href":"https:\/\/www.beltrami-felice.it\/index.php\/wp-json\/wp\/v2\/pages\/4632"}],"collection":[{"href":"https:\/\/www.beltrami-felice.it\/index.php\/wp-json\/wp\/v2\/pages"}],"about":[{"href":"https:\/\/www.beltrami-felice.it\/index.php\/wp-json\/wp\/v2\/types\/page"}],"author":[{"embeddable":true,"href":"https:\/\/www.beltrami-felice.it\/index.php\/wp-json\/wp\/v2\/users\/1"}],"replies":[{"embeddable":true,"href":"https:\/\/www.beltrami-felice.it\/index.php\/wp-json\/wp\/v2\/comments?post=4632"}],"version-history":[{"count":2,"href":"https:\/\/www.beltrami-felice.it\/index.php\/wp-json\/wp\/v2\/pages\/4632\/revisions"}],"predecessor-version":[{"id":4634,"href":"https:\/\/www.beltrami-felice.it\/index.php\/wp-json\/wp\/v2\/pages\/4632\/revisions\/4634"}],"wp:attachment":[{"href":"https:\/\/www.beltrami-felice.it\/index.php\/wp-json\/wp\/v2\/media?parent=4632"}],"curies":[{"name":"wp","href":"https:\/\/api.w.org\/{rel}","templated":true}]}}